{"id":11,"date":"2024-01-02T19:26:00","date_gmt":"2024-01-02T18:26:00","guid":{"rendered":"http:\/\/pierremendras.fr\/?page_id=11"},"modified":"2024-07-03T07:14:33","modified_gmt":"2024-07-03T05:14:33","slug":"jardins","status":"publish","type":"page","link":"https:\/\/pierremendras.fr\/index.php\/jardins\/","title":{"rendered":"JARDINS &#038; PAYSAGES"},"content":{"rendered":"\n<p>Je suis Jardinier Paysagiste, fondateur de Chacun Sa Graine Sarl &#8211; 11 Place Corneille 92100 Boulogne.<\/p>\n\n\n\n<p>Entreprise sp\u00e9cialis\u00e9e dans l&#8217;embellissement des espaces urbains par du design v\u00e9g\u00e9tal.<\/p>\n\n\n\n<p>La conqu\u00eate des surfaces verticales (mur v\u00e9g\u00e9tal) compl\u00e8te l&rsquo;am\u00e9nagement des balcons, terrasses, roof tops et jardins de villes.<\/p>\n\n\n\n<p><\/p>\n\n\n\n<figure class=\"wp-block-gallery has-nested-images columns-default is-cropped wp-block-gallery-1 is-layout-flex wp-block-gallery-is-layout-flex\">\n<figure class=\"wp-block-image size-large\"><img loading=\"lazy\" decoding=\"async\" width=\"960\" height=\"720\" data-id=\"13\" src=\"https:\/\/pierremendras.fr\/wp-content\/uploads\/2024\/01\/336727318_137417469042995_8113139477469110442_n.jpg\" alt=\"\" class=\"wp-image-13\" srcset=\"https:\/\/pierremendras.fr\/wp-content\/uploads\/2024\/01\/336727318_137417469042995_8113139477469110442_n.jpg 960w, https:\/\/pierremendras.fr\/wp-content\/uploads\/2024\/01\/336727318_137417469042995_8113139477469110442_n-300x225.jpg 300w, https:\/\/pierremendras.fr\/wp-content\/uploads\/2024\/01\/336727318_137417469042995_8113139477469110442_n-768x576.jpg 768w\" sizes=\"auto, (max-width: 960px) 100vw, 960px\" \/><\/figure>\n\n\n\n<figure class=\"wp-block-image size-large\"><img loading=\"lazy\" decoding=\"async\" width=\"720\" height=\"960\" data-id=\"12\" src=\"https:\/\/pierremendras.fr\/wp-content\/uploads\/2024\/01\/336730352_170979195783652_2841407483158889043_n.jpg\" alt=\"\" class=\"wp-image-12\" srcset=\"https:\/\/pierremendras.fr\/wp-content\/uploads\/2024\/01\/336730352_170979195783652_2841407483158889043_n.jpg 720w, https:\/\/pierremendras.fr\/wp-content\/uploads\/2024\/01\/336730352_170979195783652_2841407483158889043_n-225x300.jpg 225w\" sizes=\"auto, (max-width: 720px) 100vw, 720px\" \/><\/figure>\n\n\n\n<figure class=\"wp-block-image size-large\"><img loading=\"lazy\" decoding=\"async\" width=\"960\" height=\"720\" data-id=\"16\" src=\"https:\/\/pierremendras.fr\/wp-content\/uploads\/2024\/01\/336733637_253684530332352_1753406874842270700_n.jpg\" alt=\"\" class=\"wp-image-16\" srcset=\"https:\/\/pierremendras.fr\/wp-content\/uploads\/2024\/01\/336733637_253684530332352_1753406874842270700_n.jpg 960w, https:\/\/pierremendras.fr\/wp-content\/uploads\/2024\/01\/336733637_253684530332352_1753406874842270700_n-300x225.jpg 300w, https:\/\/pierremendras.fr\/wp-content\/uploads\/2024\/01\/336733637_253684530332352_1753406874842270700_n-768x576.jpg 768w\" sizes=\"auto, (max-width: 960px) 100vw, 960px\" \/><\/figure>\n\n\n\n<figure class=\"wp-block-image size-large\"><img loading=\"lazy\" decoding=\"async\" width=\"960\" height=\"720\" data-id=\"17\" src=\"https:\/\/pierremendras.fr\/wp-content\/uploads\/2024\/01\/336749331_871506544146739_5508870636462620958_n.jpg\" alt=\"\" class=\"wp-image-17\" srcset=\"https:\/\/pierremendras.fr\/wp-content\/uploads\/2024\/01\/336749331_871506544146739_5508870636462620958_n.jpg 960w, https:\/\/pierremendras.fr\/wp-content\/uploads\/2024\/01\/336749331_871506544146739_5508870636462620958_n-300x225.jpg 300w, https:\/\/pierremendras.fr\/wp-content\/uploads\/2024\/01\/336749331_871506544146739_5508870636462620958_n-768x576.jpg 768w\" sizes=\"auto, (max-width: 960px) 100vw, 960px\" \/><\/figure>\n\n\n\n<figure class=\"wp-block-image size-large\"><img loading=\"lazy\" decoding=\"async\" width=\"600\" height=\"600\" data-id=\"14\" src=\"https:\/\/pierremendras.fr\/wp-content\/uploads\/2024\/01\/336761194_618948039561450_1340698652033784044_n.jpg\" alt=\"\" class=\"wp-image-14\" srcset=\"https:\/\/pierremendras.fr\/wp-content\/uploads\/2024\/01\/336761194_618948039561450_1340698652033784044_n.jpg 600w, https:\/\/pierremendras.fr\/wp-content\/uploads\/2024\/01\/336761194_618948039561450_1340698652033784044_n-300x300.jpg 300w, https:\/\/pierremendras.fr\/wp-content\/uploads\/2024\/01\/336761194_618948039561450_1340698652033784044_n-150x150.jpg 150w\" sizes=\"auto, (max-width: 600px) 100vw, 600px\" \/><\/figure>\n\n\n\n<figure class=\"wp-block-image size-large\"><img loading=\"lazy\" decoding=\"async\" width=\"718\" height=\"960\" data-id=\"15\" src=\"https:\/\/pierremendras.fr\/wp-content\/uploads\/2024\/01\/336761513_791875565698213_580569989511470187_n.jpg\" alt=\"\" class=\"wp-image-15\" srcset=\"https:\/\/pierremendras.fr\/wp-content\/uploads\/2024\/01\/336761513_791875565698213_580569989511470187_n.jpg 718w, https:\/\/pierremendras.fr\/wp-content\/uploads\/2024\/01\/336761513_791875565698213_580569989511470187_n-224x300.jpg 224w\" sizes=\"auto, (max-width: 718px) 100vw, 718px\" \/><\/figure>\n\n\n\n<figure class=\"wp-block-image size-large\"><img loading=\"lazy\" decoding=\"async\" width=\"718\" height=\"960\" data-id=\"18\" src=\"https:\/\/pierremendras.fr\/wp-content\/uploads\/2024\/01\/336763252_186119530832857_343465799681226226_n.jpg\" alt=\"\" class=\"wp-image-18\" srcset=\"https:\/\/pierremendras.fr\/wp-content\/uploads\/2024\/01\/336763252_186119530832857_343465799681226226_n.jpg 718w, https:\/\/pierremendras.fr\/wp-content\/uploads\/2024\/01\/336763252_186119530832857_343465799681226226_n-224x300.jpg 224w\" sizes=\"auto, (max-width: 718px) 100vw, 718px\" \/><\/figure>\n\n\n\n<figure class=\"wp-block-image size-large\"><img loading=\"lazy\" decoding=\"async\" width=\"960\" height=\"718\" data-id=\"19\" src=\"https:\/\/pierremendras.fr\/wp-content\/uploads\/2024\/01\/337036546_944147513277663_9064335958336607738_n.jpg\" alt=\"\" class=\"wp-image-19\" srcset=\"https:\/\/pierremendras.fr\/wp-content\/uploads\/2024\/01\/337036546_944147513277663_9064335958336607738_n.jpg 960w, https:\/\/pierremendras.fr\/wp-content\/uploads\/2024\/01\/337036546_944147513277663_9064335958336607738_n-300x224.jpg 300w, https:\/\/pierremendras.fr\/wp-content\/uploads\/2024\/01\/337036546_944147513277663_9064335958336607738_n-768x574.jpg 768w\" sizes=\"auto, (max-width: 960px) 100vw, 960px\" \/><\/figure>\n\n\n\n<figure class=\"wp-block-image size-large\"><img loading=\"lazy\" decoding=\"async\" width=\"720\" height=\"960\" data-id=\"22\" src=\"https:\/\/pierremendras.fr\/wp-content\/uploads\/2024\/01\/337042244_730393262205773_2781686538381611835_n.jpg\" alt=\"\" class=\"wp-image-22\" srcset=\"https:\/\/pierremendras.fr\/wp-content\/uploads\/2024\/01\/337042244_730393262205773_2781686538381611835_n.jpg 720w, https:\/\/pierremendras.fr\/wp-content\/uploads\/2024\/01\/337042244_730393262205773_2781686538381611835_n-225x300.jpg 225w\" sizes=\"auto, (max-width: 720px) 100vw, 720px\" \/><\/figure>\n\n\n\n<figure class=\"wp-block-image size-large\"><img loading=\"lazy\" decoding=\"async\" width=\"720\" height=\"960\" data-id=\"21\" src=\"https:\/\/pierremendras.fr\/wp-content\/uploads\/2024\/01\/337097479_1615961678857402_8190318653445700051_n.jpg\" alt=\"\" class=\"wp-image-21\" srcset=\"https:\/\/pierremendras.fr\/wp-content\/uploads\/2024\/01\/337097479_1615961678857402_8190318653445700051_n.jpg 720w, https:\/\/pierremendras.fr\/wp-content\/uploads\/2024\/01\/337097479_1615961678857402_8190318653445700051_n-225x300.jpg 225w\" sizes=\"auto, (max-width: 720px) 100vw, 720px\" \/><\/figure>\n\n\n\n<figure class=\"wp-block-image size-large\"><img loading=\"lazy\" decoding=\"async\" width=\"960\" height=\"716\" data-id=\"20\" src=\"https:\/\/pierremendras.fr\/wp-content\/uploads\/2024\/01\/337153225_144045204987107_3209243844148335010_n.jpg\" alt=\"\" class=\"wp-image-20\" srcset=\"https:\/\/pierremendras.fr\/wp-content\/uploads\/2024\/01\/337153225_144045204987107_3209243844148335010_n.jpg 960w, https:\/\/pierremendras.fr\/wp-content\/uploads\/2024\/01\/337153225_144045204987107_3209243844148335010_n-300x224.jpg 300w, https:\/\/pierremendras.fr\/wp-content\/uploads\/2024\/01\/337153225_144045204987107_3209243844148335010_n-768x573.jpg 768w\" sizes=\"auto, (max-width: 960px) 100vw, 960px\" \/><\/figure>\n\n\n\n<figure class=\"wp-block-image size-large\"><img loading=\"lazy\" decoding=\"async\" width=\"720\" height=\"960\" data-id=\"23\" src=\"https:\/\/pierremendras.fr\/wp-content\/uploads\/2024\/01\/337155445_1200003260649600_6390534945412072927_n.jpg\" alt=\"\" class=\"wp-image-23\" srcset=\"https:\/\/pierremendras.fr\/wp-content\/uploads\/2024\/01\/337155445_1200003260649600_6390534945412072927_n.jpg 720w, https:\/\/pierremendras.fr\/wp-content\/uploads\/2024\/01\/337155445_1200003260649600_6390534945412072927_n-225x300.jpg 225w\" sizes=\"auto, (max-width: 720px) 100vw, 720px\" \/><\/figure>\n\n\n\n<figure class=\"wp-block-image size-large\"><img loading=\"lazy\" decoding=\"async\" width=\"960\" height=\"720\" data-id=\"25\" src=\"https:\/\/pierremendras.fr\/wp-content\/uploads\/2024\/01\/337158853_877783686855618_8014570836606362102_n.jpg\" alt=\"\" class=\"wp-image-25\" srcset=\"https:\/\/pierremendras.fr\/wp-content\/uploads\/2024\/01\/337158853_877783686855618_8014570836606362102_n.jpg 960w, https:\/\/pierremendras.fr\/wp-content\/uploads\/2024\/01\/337158853_877783686855618_8014570836606362102_n-300x225.jpg 300w, https:\/\/pierremendras.fr\/wp-content\/uploads\/2024\/01\/337158853_877783686855618_8014570836606362102_n-768x576.jpg 768w\" sizes=\"auto, (max-width: 960px) 100vw, 960px\" \/><\/figure>\n\n\n\n<figure class=\"wp-block-image size-large\"><img loading=\"lazy\" decoding=\"async\" width=\"650\" height=\"960\" data-id=\"24\" src=\"https:\/\/pierremendras.fr\/wp-content\/uploads\/2024\/01\/337159591_1437180723754097_380495399474205645_n.jpg\" alt=\"\" class=\"wp-image-24\" srcset=\"https:\/\/pierremendras.fr\/wp-content\/uploads\/2024\/01\/337159591_1437180723754097_380495399474205645_n.jpg 650w, https:\/\/pierremendras.fr\/wp-content\/uploads\/2024\/01\/337159591_1437180723754097_380495399474205645_n-203x300.jpg 203w\" sizes=\"auto, (max-width: 650px) 100vw, 650px\" \/><\/figure>\n\n\n\n<figure class=\"wp-block-image size-large\"><img loading=\"lazy\" decoding=\"async\" width=\"720\" height=\"960\" data-id=\"27\" src=\"https:\/\/pierremendras.fr\/wp-content\/uploads\/2024\/01\/337167017_524833472919355_5728394186719641552_n.jpg\" alt=\"\" class=\"wp-image-27\" srcset=\"https:\/\/pierremendras.fr\/wp-content\/uploads\/2024\/01\/337167017_524833472919355_5728394186719641552_n.jpg 720w, https:\/\/pierremendras.fr\/wp-content\/uploads\/2024\/01\/337167017_524833472919355_5728394186719641552_n-225x300.jpg 225w\" sizes=\"auto, (max-width: 720px) 100vw, 720px\" \/><\/figure>\n\n\n\n<figure class=\"wp-block-image size-large\"><img loading=\"lazy\" decoding=\"async\" width=\"720\" height=\"960\" data-id=\"26\" src=\"https:\/\/pierremendras.fr\/wp-content\/uploads\/2024\/01\/337167070_236878802074438_6035439968856634475_n.jpg\" alt=\"\" class=\"wp-image-26\" srcset=\"https:\/\/pierremendras.fr\/wp-content\/uploads\/2024\/01\/337167070_236878802074438_6035439968856634475_n.jpg 720w, https:\/\/pierremendras.fr\/wp-content\/uploads\/2024\/01\/337167070_236878802074438_6035439968856634475_n-225x300.jpg 225w\" sizes=\"auto, (max-width: 720px) 100vw, 720px\" \/><\/figure>\n\n\n\n<figure class=\"wp-block-image size-large\"><img loading=\"lazy\" decoding=\"async\" width=\"720\" height=\"960\" data-id=\"29\" src=\"https:\/\/pierremendras.fr\/wp-content\/uploads\/2024\/01\/337220498_572605521509487_1321969010029505993_n.jpg\" alt=\"\" class=\"wp-image-29\" srcset=\"https:\/\/pierremendras.fr\/wp-content\/uploads\/2024\/01\/337220498_572605521509487_1321969010029505993_n.jpg 720w, https:\/\/pierremendras.fr\/wp-content\/uploads\/2024\/01\/337220498_572605521509487_1321969010029505993_n-225x300.jpg 225w\" sizes=\"auto, (max-width: 720px) 100vw, 720px\" \/><\/figure>\n\n\n\n<figure class=\"wp-block-image size-large\"><img loading=\"lazy\" decoding=\"async\" width=\"960\" height=\"720\" data-id=\"28\" src=\"https:\/\/pierremendras.fr\/wp-content\/uploads\/2024\/01\/337227095_751823332999800_4621795291158453575_n.jpg\" alt=\"\" class=\"wp-image-28\" srcset=\"https:\/\/pierremendras.fr\/wp-content\/uploads\/2024\/01\/337227095_751823332999800_4621795291158453575_n.jpg 960w, https:\/\/pierremendras.fr\/wp-content\/uploads\/2024\/01\/337227095_751823332999800_4621795291158453575_n-300x225.jpg 300w, https:\/\/pierremendras.fr\/wp-content\/uploads\/2024\/01\/337227095_751823332999800_4621795291158453575_n-768x576.jpg 768w\" sizes=\"auto, (max-width: 960px) 100vw, 960px\" \/><\/figure>\n\n\n\n<figure class=\"wp-block-image size-large\"><img loading=\"lazy\" decoding=\"async\" width=\"960\" height=\"720\" data-id=\"30\" src=\"https:\/\/pierremendras.fr\/wp-content\/uploads\/2024\/01\/337227134_234003479089549_5686966675159726892_n-1.jpg\" alt=\"\" class=\"wp-image-30\" srcset=\"https:\/\/pierremendras.fr\/wp-content\/uploads\/2024\/01\/337227134_234003479089549_5686966675159726892_n-1.jpg 960w, https:\/\/pierremendras.fr\/wp-content\/uploads\/2024\/01\/337227134_234003479089549_5686966675159726892_n-1-300x225.jpg 300w, https:\/\/pierremendras.fr\/wp-content\/uploads\/2024\/01\/337227134_234003479089549_5686966675159726892_n-1-768x576.jpg 768w\" sizes=\"auto, (max-width: 960px) 100vw, 960px\" \/><\/figure>\n\n\n\n<figure class=\"wp-block-image size-large\"><img loading=\"lazy\" decoding=\"async\" width=\"960\" height=\"718\" data-id=\"31\" src=\"https:\/\/pierremendras.fr\/wp-content\/uploads\/2024\/01\/337228748_138512239155830_8585143454534825582_n.jpg\" alt=\"\" class=\"wp-image-31\" srcset=\"https:\/\/pierremendras.fr\/wp-content\/uploads\/2024\/01\/337228748_138512239155830_8585143454534825582_n.jpg 960w, https:\/\/pierremendras.fr\/wp-content\/uploads\/2024\/01\/337228748_138512239155830_8585143454534825582_n-300x224.jpg 300w, https:\/\/pierremendras.fr\/wp-content\/uploads\/2024\/01\/337228748_138512239155830_8585143454534825582_n-768x574.jpg 768w\" sizes=\"auto, (max-width: 960px) 100vw, 960px\" \/><\/figure>\n\n\n\n<figure class=\"wp-block-image size-large\"><img loading=\"lazy\" decoding=\"async\" width=\"720\" height=\"960\" data-id=\"34\" src=\"https:\/\/pierremendras.fr\/wp-content\/uploads\/2024\/01\/337233039_704080294846710_4644863080774974569_n.jpg\" alt=\"\" class=\"wp-image-34\" srcset=\"https:\/\/pierremendras.fr\/wp-content\/uploads\/2024\/01\/337233039_704080294846710_4644863080774974569_n.jpg 720w, https:\/\/pierremendras.fr\/wp-content\/uploads\/2024\/01\/337233039_704080294846710_4644863080774974569_n-225x300.jpg 225w\" sizes=\"auto, (max-width: 720px) 100vw, 720px\" \/><\/figure>\n\n\n\n<figure class=\"wp-block-image size-large\"><img loading=\"lazy\" decoding=\"async\" width=\"720\" height=\"960\" data-id=\"33\" src=\"https:\/\/pierremendras.fr\/wp-content\/uploads\/2024\/01\/337234495_2655554611252677_2932981132243052619_n.jpg\" alt=\"\" class=\"wp-image-33\" srcset=\"https:\/\/pierremendras.fr\/wp-content\/uploads\/2024\/01\/337234495_2655554611252677_2932981132243052619_n.jpg 720w, https:\/\/pierremendras.fr\/wp-content\/uploads\/2024\/01\/337234495_2655554611252677_2932981132243052619_n-225x300.jpg 225w\" sizes=\"auto, (max-width: 720px) 100vw, 720px\" \/><\/figure>\n\n\n\n<figure class=\"wp-block-image size-large\"><img loading=\"lazy\" decoding=\"async\" width=\"718\" height=\"960\" data-id=\"35\" src=\"https:\/\/pierremendras.fr\/wp-content\/uploads\/2024\/01\/337235856_1486467855217362_8229523709351535943_n.jpg\" alt=\"\" class=\"wp-image-35\" srcset=\"https:\/\/pierremendras.fr\/wp-content\/uploads\/2024\/01\/337235856_1486467855217362_8229523709351535943_n.jpg 718w, https:\/\/pierremendras.fr\/wp-content\/uploads\/2024\/01\/337235856_1486467855217362_8229523709351535943_n-224x300.jpg 224w\" sizes=\"auto, (max-width: 718px) 100vw, 718px\" \/><\/figure>\n\n\n\n<figure class=\"wp-block-image size-large\"><img loading=\"lazy\" decoding=\"async\" width=\"732\" height=\"960\" data-id=\"36\" src=\"https:\/\/pierremendras.fr\/wp-content\/uploads\/2024\/01\/337284318_587228033122988_3867376849140610501_n.jpg\" alt=\"\" class=\"wp-image-36\" srcset=\"https:\/\/pierremendras.fr\/wp-content\/uploads\/2024\/01\/337284318_587228033122988_3867376849140610501_n.jpg 732w, https:\/\/pierremendras.fr\/wp-content\/uploads\/2024\/01\/337284318_587228033122988_3867376849140610501_n-229x300.jpg 229w\" sizes=\"auto, (max-width: 732px) 100vw, 732px\" \/><\/figure>\n<\/figure>\n","protected":false},"excerpt":{"rendered":"<p>Je suis Jardinier Paysagiste, fondateur de Chacun Sa Graine Sarl &#8211; 11 Place Corneille 92100 Boulogne. Entreprise sp\u00e9cialis\u00e9e dans l&#8217;embellissement des espaces urbains par du design v\u00e9g\u00e9tal. La conqu\u00eate des surfaces verticales (mur v\u00e9g\u00e9tal) compl\u00e8te l&rsquo;am\u00e9nagement des balcons, terrasses, roof &hellip; <a href=\"https:\/\/pierremendras.fr\/index.php\/jardins\/\">Lire la suite\u00ad\u00ad<\/a><\/p>\n","protected":false},"author":1,"featured_media":0,"parent":0,"menu_order":0,"comment_status":"closed","ping_status":"closed","template":"","meta":{"footnotes":""},"class_list":["post-11","page","type-page","status-publish","hentry"],"_links":{"self":[{"href":"https:\/\/pierremendras.fr\/index.php\/wp-json\/wp\/v2\/pages\/11","targetHints":{"allow":["GET"]}}],"collection":[{"href":"https:\/\/pierremendras.fr\/index.php\/wp-json\/wp\/v2\/pages"}],"about":[{"href":"https:\/\/pierremendras.fr\/index.php\/wp-json\/wp\/v2\/types\/page"}],"author":[{"embeddable":true,"href":"https:\/\/pierremendras.fr\/index.php\/wp-json\/wp\/v2\/users\/1"}],"replies":[{"embeddable":true,"href":"https:\/\/pierremendras.fr\/index.php\/wp-json\/wp\/v2\/comments?post=11"}],"version-history":[{"count":3,"href":"https:\/\/pierremendras.fr\/index.php\/wp-json\/wp\/v2\/pages\/11\/revisions"}],"predecessor-version":[{"id":100,"href":"https:\/\/pierremendras.fr\/index.php\/wp-json\/wp\/v2\/pages\/11\/revisions\/100"}],"wp:attachment":[{"href":"https:\/\/pierremendras.fr\/index.php\/wp-json\/wp\/v2\/media?parent=11"}],"curies":[{"name":"wp","href":"https:\/\/api.w.org\/{rel}","templated":true}]}}